{"id":6286,"date":"2022-08-15T13:36:41","date_gmt":"2022-08-15T11:36:41","guid":{"rendered":"https:\/\/www.franigo.de\/?page_id=6286"},"modified":"2025-12-11T18:26:33","modified_gmt":"2025-12-11T17:26:33","slug":"gewinnspiel","status":"publish","type":"page","link":"https:\/\/www.franigo.de\/en\/gewinnspiel\/","title":{"rendered":"Gewinnspiel"},"content":{"rendered":"<div>\n<h1>AGB &amp; Teilnahmebedingungen<\/h1>\n<h3>Teilnahmevoraussetzung<\/h3>\n<p>Die Teilnahme am Gewinnspiel ist kostenlos und unabh\u00e4ngig von dem Erwerb einer Ware oder Dienstleistung.<\/p>\n<h3>Teilnahmeberechtigung<\/h3>\n<p><span id=\"page28R_mcid6\" class=\"markedContent\"><span dir=\"ltr\" role=\"presentation\">Teilnahmeberechtigt sind nat\u00fcrliche Personen, die ihren Wohnsitz in Deutschland<\/span> <span dir=\"ltr\" role=\"presentation\">haben und das<\/span> <span dir=\"ltr\" role=\"presentation\">18. Lebensjahr<\/span> <span dir=\"ltr\" role=\"presentation\">vollendet haben. Die Teilnahme ist<\/span> <span dir=\"ltr\" role=\"presentation\">nicht<\/span> <span dir=\"ltr\" role=\"presentation\">auf Kunden des Ve<\/span><span dir=\"ltr\" role=\"presentation\">ranstalters beschr\u00e4nkt und<\/span> <span dir=\"ltr\" role=\"presentation\">nicht<\/span> <span dir=\"ltr\" role=\"presentation\">vom Erwerb einer Ware oder<\/span> <span dir=\"ltr\" role=\"presentation\">Dienstleistung abh\u00e4ngig. <\/span><\/span><span id=\"page28R_mcid7\" class=\"markedContent\"><span dir=\"ltr\" role=\"presentation\">Sollte ein Teilnehmer in seiner Gesch\u00e4ftsf\u00e4higkeit eingeschr\u00e4nkt sein, so bedarf es <\/span><span dir=\"ltr\" role=\"presentation\">der Einwilligung seines gesetzlichen Vertreters.<\/span><\/span><\/p>\n<p><span id=\"page28R_mcid9\" class=\"markedContent\"><span dir=\"ltr\" role=\"presentation\">Die Teilnahme mit gef\u00e4lschten Identit\u00e4ten ode<\/span><span dir=\"ltr\" role=\"presentation\">r mit Identit\u00e4ten von Dritten ist nicht<\/span> <span dir=\"ltr\" role=\"presentation\">erlaubt.<\/span><\/span><span id=\"page28R_mcid10\" class=\"markedContent\"><br role=\"presentation\" \/><\/span><\/p>\n<p><span id=\"page28R_mcid10\" class=\"markedContent\"><span dir=\"ltr\" role=\"presentation\">Pro Teilnehmer nimmt nur<\/span> <span dir=\"ltr\" role=\"presentation\">eine<\/span> <span dir=\"ltr\" role=\"presentation\">\u00fcbermittelte Anmeldung am Gewinnspiel teil. Es ist<\/span> <span dir=\"ltr\" role=\"presentation\">strengstens<\/span> <span dir=\"ltr\" role=\"presentation\">untersagt,<\/span> <span dir=\"ltr\" role=\"presentation\">mehrere<\/span> <span dir=\"ltr\" role=\"presentation\">Adressen<\/span> <span dir=\"ltr\" role=\"presentation\">oder<\/span> <span dir=\"ltr\" role=\"presentation\">Profile<\/span> <span dir=\"ltr\" role=\"presentation\">zur<\/span> <span dir=\"ltr\" role=\"presentation\">Erh\u00f6hung<\/span> <span dir=\"ltr\" role=\"presentation\">der<\/span> <span dir=\"ltr\" role=\"presentation\">Gewinnchancen zu verwenden.<\/span><\/span><span id=\"page28R_mcid11\" class=\"markedContent\"><br role=\"presentation\" \/><\/span><\/p>\n<p><span id=\"page28R_mcid11\" class=\"markedContent\"><span dir=\"ltr\" role=\"presentation\">Zudem beh\u00e4lt sich der Veran<\/span><span dir=\"ltr\" role=\"presentation\">stalter vor, nach eigenem Ermessen Personen von der<\/span> <span dir=\"ltr\" role=\"presentation\">Teilnahme auszuschlie\u00dfen, wenn berechtigte Gr\u00fcnde vorliegen. Solche Gr\u00fcnde<\/span> <span dir=\"ltr\" role=\"presentation\">liegen insbesondere vor bei:<\/span><\/span><\/p>\n<ul>\n<li><span id=\"page28R_mcid12\" class=\"markedContent\"><span dir=\"ltr\" role=\"presentation\">Manipulationen im Zusammenhang mit Zugang zum oder Durchf\u00fchrung des<\/span> <span dir=\"ltr\" role=\"presentation\">Gewinnspiels<\/span><\/span><\/li>\n<li><span id=\"page28R_mcid13\" class=\"markedContent\"><span dir=\"ltr\" role=\"presentation\">Verst\u00f6\u00dfen gegen die<\/span><span dir=\"ltr\" role=\"presentation\">se Teilnahmebedingungen<\/span><\/span><\/li>\n<li><span id=\"page30R_mcid0\" class=\"markedContent\"><span dir=\"ltr\" role=\"presentation\"><span id=\"page28R_mcid14\" class=\"markedContent\">unlauterem Handeln<br \/>\n<\/span><\/span><\/span><\/li>\n<li><span id=\"page30R_mcid0\" class=\"markedContent\"><span dir=\"ltr\" role=\"presentation\">falschen oder irref\u00fchrenden Angaben im Zusammenhang mit der Teilnahme an<\/span> <span dir=\"ltr\" role=\"presentation\">dem Gewinnspiel.<\/span><\/span><span id=\"page30R_mcid1\" class=\"markedContent\"><br role=\"presentation\" \/><\/span><\/li>\n<\/ul>\n<p><span id=\"page30R_mcid1\" class=\"markedContent\"><span dir=\"ltr\" role=\"presentation\">Handelt<\/span> <span dir=\"ltr\" role=\"presentation\">es<\/span> <span dir=\"ltr\" role=\"presentation\">sich<\/span> <span dir=\"ltr\" role=\"presentation\">bei<\/span> <span dir=\"ltr\" role=\"presentation\">dem<\/span> <span dir=\"ltr\" role=\"presentation\">ausgeschlossenen<\/span> <span dir=\"ltr\" role=\"presentation\">Teilnehmer<\/span> <span dir=\"ltr\" role=\"presentation\">um<\/span> <span dir=\"ltr\" role=\"presentation\">einen<\/span> <span dir=\"ltr\" role=\"presentation\">bereits <\/span><span dir=\"ltr\" role=\"presentation\">ausgelosten Gewinner, kann der Gewinn<\/span> <span dir=\"ltr\" role=\"presentation\">nachtr\u00e4glich aberkannt werden.<\/span><\/span><\/p>\n<h3>Beginn und Ende des Gewinnspiels<\/h3>\n<p>Die Teilnahme an dem Gewinnspiel ist am 11.12.2025 w\u00e4hrend des Streams, circa 19 bis 21 Uhr m\u00f6glich.<\/p>\n<p><span id=\"page32R_mcid7\" class=\"markedContent\"><span dir=\"ltr\" role=\"presentation\">Der Veranstalter beh\u00e4lt es sich vor, das Gewinnspiel jederzeit, auch ohne Einhaltung<\/span> <span dir=\"ltr\" role=\"presentation\">von Fristen und ohne vorherige Ank\u00fcndigung und ohne Mitteilung von Gr\u00fcnden,<\/span> <span dir=\"ltr\" role=\"presentation\">ganz oder teilweise<\/span> <span dir=\"ltr\" role=\"presentation\">vorzeitig zu beenden oder seinen Verlauf abzu\u00e4ndern, wenn es<\/span> <span dir=\"ltr\" role=\"presentation\">aus technischen Gr\u00fcnden (z.B. Computervirus, Manipulation von oder Fehler in<\/span> <span dir=\"ltr\" role=\"presentation\">Software\/Hardware)<\/span> <span dir=\"ltr\" role=\"presentation\">oder<\/span> <span dir=\"ltr\" role=\"presentation\">rechtlichen<\/span> <span dir=\"ltr\" role=\"presentation\">Gr\u00fcnden<\/span> <span dir=\"ltr\" role=\"presentation\">nicht <\/span><span dir=\"ltr\" role=\"presentation\">m\u00f6glich<\/span> <span dir=\"ltr\" role=\"presentation\">ist,<\/span> <span dir=\"ltr\" role=\"presentation\">eine <\/span><span dir=\"ltr\" role=\"presentation\">ordnungsgem\u00e4\u00dfe und planm\u00e4\u00dfige Durchf\u00fchrung des Ge<\/span><span dir=\"ltr\" role=\"presentation\">winnspiels zu garantieren.<\/span><\/span><\/p>\n<h3>Gewinnbeschreibung<\/h3>\n<p>Mit der Teilnahme hat man die M\u00f6glichkeit, ein Exemplar der deutschen Ausgabe von &#8222;Ambessa &#8211; Chosen of the Wolf&#8220; von League of Legends und Droemer Knaur gewinnen.<\/p>\n<h3>Auslosung &amp; Gewinnbenachrichtigung und \u00dcbersendung<\/h3>\n<p>Die Auslosung findet per Zufallsziehung statt. Aus allen Namen wird per Zufall eine Gewinnerin bzw. ein Gewinner gezogen.<\/p>\n<p>Die Gewinner*innen werden Direktnachricht oder Email benachrichtigt und stimmen zu, dass gegebenenfalls ihre Adresse f\u00fcr die Gewinn-\u00dcbermittlung erfasst wird.<\/p>\n<h3>Haftungsbeschr\u00e4nkungen<\/h3>\n<p>Der Veranstalter haftet nur f\u00fcr Sch\u00e4den, die von ihr, ihren gesetzlichen Vertretern oder Erf\u00fcllungsgehilfen vors\u00e4tzlich oder grob fahrl\u00e4ssig oder durch die Verletzung wesentlicher Pflichten im Rahmen des Gewinnspiels\/der Verlosung (sog. Kardinalspflichten) verursacht wurden. Wesentliche Pflichten sind solche, deren Erf\u00fcllung zur Erreichung des Ziels des Gewinnspiels\/der Verlosung notwendig ist. In diesen F\u00e4llen ist die Haftung auf den vorhersehbaren, typischerweise eintretenden Schaden beschr\u00e4nkt. Die Haftung des Veranstalters f\u00fcr Sch\u00e4den aus der Verletzung des Lebens, des K\u00f6rpers oder der Gesundheit bleibt davon unber\u00fchrt.<\/p>\n<h3>Datenschutz<\/h3>\n<p>Alle personenbezogenen Daten des Teilnehmers bzw. der Teilnehmerin werden ausschlie\u00dflich zum Zwecke der Durchf\u00fchrung und Abwicklung des Gewinnspiels\/ der Verlosung gespeichert und genutzt. Es steht dem\/r Teilnehmer:in jederzeit frei, seine\/ihre Teilnahme am Gewinnspiel\/an der Verlosung zu widerrufen.<\/p>\n<h3>Schlussbestimmungen<\/h3>\n<p>Es gilt das Recht der Bundesrepublik Deutschland. Sollten einzelne Bestimmungen der Teilnahmebedingungen unwirksam sein oder werden, bleibt die G\u00fcltigkeit der \u00fcbrigen Teilnahmebedingungen davon unber\u00fchrt.<\/p>\n<p>Bei den Gewinnspielen und Verlosungen ist der Rechtsweg ausgeschlossen.<\/p>\n<\/div>\n<h3><span id=\"page54R_mcid6\" class=\"markedContent\"><span dir=\"ltr\" role=\"presentation\">Salvatorische Klausel<\/span><\/span><\/h3>\n<p><span id=\"page54R_mcid7\" class=\"markedContent\"><\/span><span id=\"page54R_mcid7\" class=\"markedContent\"><span dir=\"ltr\" role=\"presentation\">Sollte<\/span> <span dir=\"ltr\" role=\"presentation\">eine<\/span> <span dir=\"ltr\" role=\"presentation\">Bestimmung<\/span> <span dir=\"ltr\" role=\"presentation\">dieser<\/span> <span dir=\"ltr\" role=\"presentation\">Teilnahmebedingungen<\/span> <span dir=\"ltr\" role=\"presentation\">ganz<\/span> <span dir=\"ltr\" role=\"presentation\">oder<\/span> <span dir=\"ltr\" role=\"presentation\">teilweise<\/span> <span dir=\"ltr\" role=\"presentation\">unwirksam<\/span> <span dir=\"ltr\" role=\"presentation\">sein<\/span> <span dir=\"ltr\" role=\"presentation\">oder<\/span> <span dir=\"ltr\" role=\"presentation\">werden,<\/span> <span dir=\"ltr\" role=\"presentation\">so<\/span> <span dir=\"ltr\" role=\"presentation\">wird<\/span> <span dir=\"ltr\" role=\"presentation\">dadurch<\/span> <span dir=\"ltr\" role=\"presentation\">die<\/span> <span dir=\"ltr\" role=\"presentation\">G\u00fcltigkeit<\/span> <span dir=\"ltr\" role=\"presentation\">dieser<\/span> <span dir=\"ltr\" role=\"presentation\">Teilnahmebedingungen<\/span> <span dir=\"ltr\" role=\"presentation\">im<\/span> <span dir=\"ltr\" role=\"presentation\">\u00dcbrigen<\/span> <span dir=\"ltr\" role=\"presentation\">nicht<\/span> <span dir=\"ltr\" role=\"presentation\">ber\u00fchrt. <\/span><span dir=\"ltr\" role=\"presentation\">Statt<\/span> <span dir=\"ltr\" role=\"presentation\">der<\/span> <span dir=\"ltr\" role=\"presentation\">unwirksamen<\/span> <span dir=\"ltr\" role=\"presentation\">Bestimmung<\/span> <span dir=\"ltr\" role=\"presentation\">gilt<\/span> <span dir=\"ltr\" role=\"presentation\">diejenige<\/span> <span dir=\"ltr\" role=\"presentation\">gesetzlich<\/span> <span dir=\"ltr\" role=\"presentation\">zul\u00e4ssige<\/span> <span dir=\"ltr\" role=\"presentation\">Regelung,<\/span> <span dir=\"ltr\" role=\"presentation\">die<\/span> <span dir=\"ltr\" role=\"presentation\">dem<\/span> <span dir=\"ltr\" role=\"presentation\">in<\/span> <span dir=\"ltr\" role=\"presentation\">der<\/span> <span dir=\"ltr\" role=\"presentation\">unwirksamen<\/span> <span dir=\"ltr\" role=\"presentation\">Bestimmung<\/span> <span dir=\"ltr\" role=\"presentation\">zum<\/span> <span dir=\"ltr\" role=\"presentation\">Ausdruck<\/span> <span dir=\"ltr\" role=\"presentation\">gekommenen<\/span> <span dir=\"ltr\" role=\"presentation\">Sinn<\/span> <span dir=\"ltr\" role=\"presentation\">und<\/span> <span dir=\"ltr\" role=\"presentation\">Zweck<\/span> <span dir=\"ltr\" role=\"presentation\">wirtschaftlich am n\u00e4chsten kom<\/span><span dir=\"ltr\" role=\"presentation\">mt. Entsprechendes gilt f\u00fcr den Fall des Vorliegens <\/span><span dir=\"ltr\" role=\"presentation\">einer Regelungsl\u00fccke in diesen Teilnahmebedingungen.<\/span><\/span><\/p>","protected":false},"excerpt":{"rendered":"<p>AGB &amp; Teilnahmebedingungen Teilnahmevoraussetzung Die Teilnahme am Gewinnspiel ist kostenlos und unabh\u00e4ngig von dem Erwerb einer Ware oder Dienstleistung. Teilnahmeberechtigung Teilnahmeberechtigt sind nat\u00fcrliche Personen, die ihren Wohnsitz in Deutschland haben und das 18. Lebensjahr vollendet haben. Die Teilnahme ist nicht auf Kunden des Veranstalters beschr\u00e4nkt und nicht vom Erwerb einer Ware oder Dienstleistung abh\u00e4ngig. Sollte<\/p>","protected":false},"author":1,"featured_media":0,"parent":0,"menu_order":0,"comment_status":"closed","ping_status":"closed","template":"","meta":{"footnotes":""},"class_list":["post-6286","page","type-page","status-publish","hentry"],"yoast_head":"<!-- This site is optimized with the Yoast SEO plugin v27.5 - https:\/\/yoast.com\/product\/yoast-seo-wordpress\/ -->\n<title>Gewinnspiel | Pen &amp; Paper mit Franigo<\/title>\n<meta name=\"description\" content=\"Gewinnspiel!\" \/>\n<meta name=\"robots\" content=\"index, follow, max-snippet:-1, max-image-preview:large, max-video-preview:-1\" \/>\n<link rel=\"canonical\" href=\"https:\/\/www.franigo.de\/en\/gewinnspiel\/\" \/>\n<meta property=\"og:locale\" content=\"en_GB\" \/>\n<meta property=\"og:type\" content=\"article\" \/>\n<meta property=\"og:title\" content=\"Gewinnspiel | Pen &amp; Paper mit Franigo\" \/>\n<meta property=\"og:description\" content=\"Gewinnspiel!\" \/>\n<meta property=\"og:url\" content=\"https:\/\/www.franigo.de\/en\/gewinnspiel\/\" \/>\n<meta property=\"og:site_name\" content=\"Pen &amp; Paper mit Franigo\" \/>\n<meta property=\"article:publisher\" content=\"https:\/\/www.facebook.com\/FranigoRolls\" \/>\n<meta property=\"article:modified_time\" content=\"2025-12-11T17:26:33+00:00\" \/>\n<meta property=\"og:image\" content=\"https:\/\/www.franigo.de\/wp-content\/uploads\/2021\/12\/franigo-rolls_avatar.png\" \/>\n\t<meta property=\"og:image:width\" content=\"1000\" \/>\n\t<meta property=\"og:image:height\" content=\"1000\" \/>\n\t<meta property=\"og:image:type\" content=\"image\/png\" \/>\n<meta name=\"twitter:card\" content=\"summary_large_image\" \/>\n<meta name=\"twitter:site\" content=\"@Franigo\" \/>\n<meta name=\"twitter:label1\" content=\"Estimated reading time\" \/>\n\t<meta name=\"twitter:data1\" content=\"3 minutes\" \/>\n<script type=\"application\/ld+json\" class=\"yoast-schema-graph\">{\"@context\":\"https:\\\/\\\/schema.org\",\"@graph\":[{\"@type\":\"WebPage\",\"@id\":\"https:\\\/\\\/www.franigo.de\\\/gewinnspiel\\\/\",\"url\":\"https:\\\/\\\/www.franigo.de\\\/gewinnspiel\\\/\",\"name\":\"Gewinnspiel | Pen &amp; Paper mit Franigo\",\"isPartOf\":{\"@id\":\"https:\\\/\\\/www.franigo.de\\\/#website\"},\"datePublished\":\"2022-08-15T11:36:41+00:00\",\"dateModified\":\"2025-12-11T17:26:33+00:00\",\"description\":\"Gewinnspiel!\",\"breadcrumb\":{\"@id\":\"https:\\\/\\\/www.franigo.de\\\/gewinnspiel\\\/#breadcrumb\"},\"inLanguage\":\"en-GB\",\"potentialAction\":[{\"@type\":\"ReadAction\",\"target\":[\"https:\\\/\\\/www.franigo.de\\\/gewinnspiel\\\/\"]}]},{\"@type\":\"BreadcrumbList\",\"@id\":\"https:\\\/\\\/www.franigo.de\\\/gewinnspiel\\\/#breadcrumb\",\"itemListElement\":[{\"@type\":\"ListItem\",\"position\":1,\"name\":\"Startseite\",\"item\":\"https:\\\/\\\/www.franigo.de\\\/\"},{\"@type\":\"ListItem\",\"position\":2,\"name\":\"Gewinnspiel\"}]},{\"@type\":\"WebSite\",\"@id\":\"https:\\\/\\\/www.franigo.de\\\/#website\",\"url\":\"https:\\\/\\\/www.franigo.de\\\/\",\"name\":\"Pen &amp; Paper mit Franigo\",\"description\":\"Bestseller-Autor | Professioneller Geek | Geschichtenerz\u00e4hler | Gamer | Pirat\",\"publisher\":{\"@id\":\"https:\\\/\\\/www.franigo.de\\\/#\\\/schema\\\/person\\\/d92ec4eae837bff6580e75878517f5d3\"},\"potentialAction\":[{\"@type\":\"SearchAction\",\"target\":{\"@type\":\"EntryPoint\",\"urlTemplate\":\"https:\\\/\\\/www.franigo.de\\\/?s={search_term_string}\"},\"query-input\":{\"@type\":\"PropertyValueSpecification\",\"valueRequired\":true,\"valueName\":\"search_term_string\"}}],\"inLanguage\":\"en-GB\"},{\"@type\":[\"Person\",\"Organization\"],\"@id\":\"https:\\\/\\\/www.franigo.de\\\/#\\\/schema\\\/person\\\/d92ec4eae837bff6580e75878517f5d3\",\"name\":\"FranigoRolls\",\"image\":{\"@type\":\"ImageObject\",\"inLanguage\":\"en-GB\",\"@id\":\"https:\\\/\\\/www.franigo.de\\\/wp-content\\\/uploads\\\/2021\\\/12\\\/franigo-rolls_avatar.png\",\"url\":\"https:\\\/\\\/www.franigo.de\\\/wp-content\\\/uploads\\\/2021\\\/12\\\/franigo-rolls_avatar.png\",\"contentUrl\":\"https:\\\/\\\/www.franigo.de\\\/wp-content\\\/uploads\\\/2021\\\/12\\\/franigo-rolls_avatar.png\",\"width\":1000,\"height\":1000,\"caption\":\"FranigoRolls\"},\"logo\":{\"@id\":\"https:\\\/\\\/www.franigo.de\\\/wp-content\\\/uploads\\\/2021\\\/12\\\/franigo-rolls_avatar.png\"},\"description\":\"Professioneller Geek | Geschichtenerz\u00e4hler | Gamer | Pirat\",\"sameAs\":[\"https:\\\/\\\/www.hardebusch.net\\\/franigo\",\"https:\\\/\\\/www.facebook.com\\\/FranigoRolls\",\"https:\\\/\\\/www.instagram.com\\\/franigorolls\\\/\",\"https:\\\/\\\/x.com\\\/Franigo\",\"https:\\\/\\\/www.youtube.com\\\/franigorolls\",\"https:\\\/\\\/de.wikipedia.org\\\/wiki\\\/Christoph_Hardebusch\"]}]}<\/script>\n<!-- \/ Yoast SEO plugin. -->","yoast_head_json":{"title":"Gewinnspiel | Pen &amp; Paper mit Franigo","description":"Gewinnspiel!","robots":{"index":"index","follow":"follow","max-snippet":"max-snippet:-1","max-image-preview":"max-image-preview:large","max-video-preview":"max-video-preview:-1"},"canonical":"https:\/\/www.franigo.de\/en\/gewinnspiel\/","og_locale":"en_GB","og_type":"article","og_title":"Gewinnspiel | Pen &amp; Paper mit Franigo","og_description":"Gewinnspiel!","og_url":"https:\/\/www.franigo.de\/en\/gewinnspiel\/","og_site_name":"Pen &amp; Paper mit Franigo","article_publisher":"https:\/\/www.facebook.com\/FranigoRolls","article_modified_time":"2025-12-11T17:26:33+00:00","og_image":[{"width":1000,"height":1000,"url":"https:\/\/www.franigo.de\/wp-content\/uploads\/2021\/12\/franigo-rolls_avatar.png","type":"image\/png"}],"twitter_card":"summary_large_image","twitter_site":"@Franigo","twitter_misc":{"Estimated reading time":"3 minutes"},"schema":{"@context":"https:\/\/schema.org","@graph":[{"@type":"WebPage","@id":"https:\/\/www.franigo.de\/gewinnspiel\/","url":"https:\/\/www.franigo.de\/gewinnspiel\/","name":"Gewinnspiel | Pen &amp; Paper mit Franigo","isPartOf":{"@id":"https:\/\/www.franigo.de\/#website"},"datePublished":"2022-08-15T11:36:41+00:00","dateModified":"2025-12-11T17:26:33+00:00","description":"Gewinnspiel!","breadcrumb":{"@id":"https:\/\/www.franigo.de\/gewinnspiel\/#breadcrumb"},"inLanguage":"en-GB","potentialAction":[{"@type":"ReadAction","target":["https:\/\/www.franigo.de\/gewinnspiel\/"]}]},{"@type":"BreadcrumbList","@id":"https:\/\/www.franigo.de\/gewinnspiel\/#breadcrumb","itemListElement":[{"@type":"ListItem","position":1,"name":"Startseite","item":"https:\/\/www.franigo.de\/"},{"@type":"ListItem","position":2,"name":"Gewinnspiel"}]},{"@type":"WebSite","@id":"https:\/\/www.franigo.de\/#website","url":"https:\/\/www.franigo.de\/","name":"Pen &amp; Paper mit Franigo","description":"Bestseller-Autor | Professioneller Geek | Geschichtenerz\u00e4hler | Gamer | Pirat","publisher":{"@id":"https:\/\/www.franigo.de\/#\/schema\/person\/d92ec4eae837bff6580e75878517f5d3"},"potentialAction":[{"@type":"SearchAction","target":{"@type":"EntryPoint","urlTemplate":"https:\/\/www.franigo.de\/?s={search_term_string}"},"query-input":{"@type":"PropertyValueSpecification","valueRequired":true,"valueName":"search_term_string"}}],"inLanguage":"en-GB"},{"@type":["Person","Organization"],"@id":"https:\/\/www.franigo.de\/#\/schema\/person\/d92ec4eae837bff6580e75878517f5d3","name":"FranigoRolls","image":{"@type":"ImageObject","inLanguage":"en-GB","@id":"https:\/\/www.franigo.de\/wp-content\/uploads\/2021\/12\/franigo-rolls_avatar.png","url":"https:\/\/www.franigo.de\/wp-content\/uploads\/2021\/12\/franigo-rolls_avatar.png","contentUrl":"https:\/\/www.franigo.de\/wp-content\/uploads\/2021\/12\/franigo-rolls_avatar.png","width":1000,"height":1000,"caption":"FranigoRolls"},"logo":{"@id":"https:\/\/www.franigo.de\/wp-content\/uploads\/2021\/12\/franigo-rolls_avatar.png"},"description":"Professioneller Geek | Geschichtenerz\u00e4hler | Gamer | Pirat","sameAs":["https:\/\/www.hardebusch.net\/franigo","https:\/\/www.facebook.com\/FranigoRolls","https:\/\/www.instagram.com\/franigorolls\/","https:\/\/x.com\/Franigo","https:\/\/www.youtube.com\/franigorolls","https:\/\/de.wikipedia.org\/wiki\/Christoph_Hardebusch"]}]}},"_links":{"self":[{"href":"https:\/\/www.franigo.de\/en\/wp-json\/wp\/v2\/pages\/6286","targetHints":{"allow":["GET"]}}],"collection":[{"href":"https:\/\/www.franigo.de\/en\/wp-json\/wp\/v2\/pages"}],"about":[{"href":"https:\/\/www.franigo.de\/en\/wp-json\/wp\/v2\/types\/page"}],"author":[{"embeddable":true,"href":"https:\/\/www.franigo.de\/en\/wp-json\/wp\/v2\/users\/1"}],"replies":[{"embeddable":true,"href":"https:\/\/www.franigo.de\/en\/wp-json\/wp\/v2\/comments?post=6286"}],"version-history":[{"count":11,"href":"https:\/\/www.franigo.de\/en\/wp-json\/wp\/v2\/pages\/6286\/revisions"}],"predecessor-version":[{"id":8609,"href":"https:\/\/www.franigo.de\/en\/wp-json\/wp\/v2\/pages\/6286\/revisions\/8609"}],"wp:attachment":[{"href":"https:\/\/www.franigo.de\/en\/wp-json\/wp\/v2\/media?parent=6286"}],"curies":[{"name":"wp","href":"https:\/\/api.w.org\/{rel}","templated":true}]}}