{"id":7186,"date":"2023-11-29T16:09:18","date_gmt":"2023-11-29T15:09:18","guid":{"rendered":"https:\/\/www.franigo.de\/?page_id=7186"},"modified":"2023-12-02T12:26:37","modified_gmt":"2023-12-02T11:26:37","slug":"questmarker","status":"publish","type":"page","link":"https:\/\/www.franigo.de\/en\/questmarker\/","title":{"rendered":"QuestMarker"},"content":{"rendered":"<p><div class=\"fusion-fullwidth fullwidth-box fusion-builder-row-1 fusion-flex-container has-pattern-background has-mask-background nonhundred-percent-fullwidth non-hundred-percent-height-scrolling\" style=\"--awb-border-radius-top-left:0px;--awb-border-radius-top-right:0px;--awb-border-radius-bottom-right:0px;--awb-border-radius-bottom-left:0px;--awb-padding-top:0px;--awb-flex-wrap:wrap;\" ><div class=\"fusion-builder-row fusion-row fusion-flex-align-items-flex-start fusion-flex-content-wrap\" style=\"max-width:1216.8px;margin-left: calc(-4% \/ 2 );margin-right: calc(-4% \/ 2 );\"><div class=\"fusion-layout-column fusion_builder_column fusion-builder-column-0 fusion_builder_column_3_4 3_4 fusion-flex-column\" style=\"--awb-bg-size:cover;--awb-width-large:75%;--awb-margin-top-large:0px;--awb-spacing-right-large:0%;--awb-margin-bottom-large:0px;--awb-spacing-left-large:2.56%;--awb-width-medium:100%;--awb-order-medium:0;--awb-spacing-right-medium:1.92%;--awb-spacing-left-medium:1.92%;--awb-width-small:100%;--awb-order-small:0;--awb-spacing-right-small:1.92%;--awb-spacing-left-small:1.92%;\"><div class=\"fusion-column-wrapper fusion-column-has-shadow fusion-flex-justify-content-flex-start fusion-content-layout-column\"><div class=\"fusion-text fusion-text-1\" style=\"--awb-text-font-family:&quot;Sanz Normal&quot;;--awb-text-font-style:normal;--awb-text-font-weight:400;\"><p>Sie suchen ein ungew\u00f6hnliches und erfolgreiches Marketing-Event? Oder live Pen &amp; Paper mit zugkr\u00e4ftigen Stars auf Ihrer Veranstaltung?<\/p>\n<p>Wir bieten hochwertige Pen &amp; Paper-Events f\u00fcr Ihre Marketingkampagne oder Ihre Veranstaltung. Ob live Events vor Publikum, online auf Streamingplattforen oder im kleinen Rahmen, wir konzipieren ihr Event genau nach Ihren Vorgaben.<\/p>\n<\/div><\/div><\/div><div class=\"fusion-layout-column fusion_builder_column fusion-builder-column-1 fusion_builder_column_1_4 1_4 fusion-flex-column fusion-no-small-visibility\" style=\"--awb-padding-bottom:16px;--awb-bg-color:#36868c;--awb-bg-color-hover:#36868c;--awb-bg-size:cover;--awb-width-large:25%;--awb-margin-top-large:8px;--awb-spacing-right-large:7.68%;--awb-margin-bottom-large:0px;--awb-spacing-left-large:7.68%;--awb-width-medium:100%;--awb-order-medium:0;--awb-spacing-right-medium:1.92%;--awb-spacing-left-medium:1.92%;--awb-width-small:100%;--awb-order-small:0;--awb-spacing-right-small:1.92%;--awb-spacing-left-small:1.92%;\" data-scroll-devices=\"small-visibility,medium-visibility,large-visibility\"><div class=\"fusion-column-wrapper fusion-column-has-shadow fusion-flex-justify-content-flex-start fusion-content-layout-column\"><div class=\"fusion-text fusion-text-2 fusion-text-no-margin\" style=\"--awb-text-color:#ffffff;--awb-margin-top:10px;--awb-margin-bottom:10px;\"><p style=\"text-align: center;\"><strong>Gerne erstellen wir Ihnen ein individuelles Angebot:<\/strong><\/p>\n<\/div><div style=\"text-align:center;\"><a class=\"fusion-button button-flat button-xlarge button-custom fusion-button-default button-1 fusion-button-default-span fusion-button-default-type fusion-has-button-gradient\" style=\"--button_accent_color:#000000;--button_accent_hover_color:#000000;--button_border_hover_color:#000000;--button_gradient_top_color:#fdce42;--button_gradient_bottom_color:#ecb42e;--button_gradient_top_color_hover:#ebb431;--button_gradient_bottom_color_hover:#fdce42;--button_text_transform:uppercase;\" target=\"_self\" data-hover=\"icon_rotate\" href=\"mailto:franigo@franigo.de\"><i class=\"fa-envelope fas awb-button__icon awb-button__icon--default button-icon-left\" aria-hidden=\"true\"><\/i><span class=\"fusion-button-text awb-button__text awb-button__text--default\">Email<\/span><\/a><\/div><\/div><\/div><div class=\"fusion-layout-column fusion_builder_column fusion-builder-column-2 fusion_builder_column_1_1 1_1 fusion-flex-column\" style=\"--awb-bg-size:cover;--awb-width-large:100%;--awb-margin-top-large:0px;--awb-spacing-right-large:1.92%;--awb-margin-bottom-large:20px;--awb-spacing-left-large:1.92%;--awb-width-medium:100%;--awb-order-medium:0;--awb-spacing-right-medium:1.92%;--awb-spacing-left-medium:1.92%;--awb-width-small:100%;--awb-order-small:0;--awb-spacing-right-small:1.92%;--awb-spacing-left-small:1.92%;\" data-scroll-devices=\"small-visibility,medium-visibility,large-visibility\"><div class=\"fusion-column-wrapper fusion-column-has-shadow fusion-flex-justify-content-flex-start fusion-content-layout-column\"><div class=\"fusion-text fusion-text-3\"><p>Auf Wunsch stellen wir Kontakt zu thematisch passenden Creator*innen und Influencer*innen her, um Ihr Pen &amp; Paper-Event zu einem Erfolg zu machen.<\/p>\n<\/div><\/div><\/div><div class=\"fusion-layout-column fusion_builder_column fusion-builder-column-3 fusion_builder_column_1_1 1_1 fusion-flex-column\" style=\"--awb-bg-size:cover;--awb-width-large:100%;--awb-margin-top-large:0px;--awb-spacing-right-large:1.92%;--awb-margin-bottom-large:0px;--awb-spacing-left-large:1.92%;--awb-width-medium:100%;--awb-order-medium:0;--awb-spacing-right-medium:1.92%;--awb-spacing-left-medium:1.92%;--awb-width-small:100%;--awb-order-small:0;--awb-spacing-right-small:1.92%;--awb-spacing-left-small:1.92%;\"><div class=\"fusion-column-wrapper fusion-column-has-shadow fusion-flex-justify-content-flex-start fusion-content-layout-column\"><div class=\"fusion-separator fusion-full-width-sep\" style=\"align-self: center;margin-left: auto;margin-right: auto;width:100%;\"><div class=\"fusion-separator-border sep-single sep-solid\" style=\"--awb-height:20px;--awb-amount:20px;border-color:#000000;border-top-width:1px;\"><\/div><\/div><\/div><\/div><\/div><\/div><div class=\"fusion-fullwidth fullwidth-box fusion-builder-row-2 fusion-flex-container has-pattern-background has-mask-background nonhundred-percent-fullwidth non-hundred-percent-height-scrolling\" style=\"--awb-border-radius-top-left:0px;--awb-border-radius-top-right:0px;--awb-border-radius-bottom-right:0px;--awb-border-radius-bottom-left:0px;--awb-padding-top:0px;--awb-padding-bottom:0px;--awb-margin-bottom:0px;--awb-flex-wrap:wrap;\" ><div class=\"fusion-builder-row fusion-row fusion-flex-align-items-flex-start fusion-flex-content-wrap\" style=\"max-width:1216.8px;margin-left: calc(-4% \/ 2 );margin-right: calc(-4% \/ 2 );\"><div class=\"fusion-layout-column fusion_builder_column fusion-builder-column-4 fusion_builder_column_1_2 1_2 fusion-flex-column\" style=\"--awb-bg-size:cover;--awb-width-large:50%;--awb-margin-top-large:0px;--awb-spacing-right-large:3.84%;--awb-margin-bottom-large:20px;--awb-spacing-left-large:3.84%;--awb-width-medium:100%;--awb-order-medium:0;--awb-spacing-right-medium:1.92%;--awb-spacing-left-medium:1.92%;--awb-width-small:100%;--awb-order-small:0;--awb-spacing-right-small:1.92%;--awb-spacing-left-small:1.92%;\" data-scroll-devices=\"small-visibility,medium-visibility,large-visibility\"><div class=\"fusion-column-wrapper fusion-column-has-shadow fusion-flex-justify-content-flex-start fusion-content-layout-column\"><div class=\"fusion-title title fusion-title-1 fusion-title-center fusion-title-text fusion-title-size-three\" style=\"--awb-margin-bottom:5px;--awb-margin-top-small:0px;--awb-margin-bottom-small:20px;\"><div class=\"title-sep-container title-sep-container-left\"><div class=\"title-sep sep- sep-solid\" style=\"border-color:#e2e2e2;\"><\/div><\/div><span class=\"awb-title-spacer\"><\/span><h3 class=\"fusion-title-heading title-heading-center fusion-responsive-typography-calculated\" style=\"margin:0;text-transform:uppercase;--fontSize:25;line-height:2.2;\">Live Pen &amp; Paper<\/h3><span class=\"awb-title-spacer\"><\/span><div class=\"title-sep-container title-sep-container-right\"><div class=\"title-sep sep- sep-solid\" style=\"border-color:#e2e2e2;\"><\/div><\/div><\/div><div class=\"fusion-video fusion-youtube\" style=\"--awb-max-width:600px;--awb-max-height:360px;\"><div class=\"video-shortcode\"><div class=\"fluid-width-video-wrapper\" style=\"padding-top:60%;\" ><iframe title=\"YouTube video player 1\" src=\"https:\/\/www.youtube.com\/embed\/ErpnIwGQ5uQ?wmode=transparent&autoplay=0\" width=\"600\" height=\"360\" allowfullscreen allow=\"autoplay; clipboard-write; encrypted-media; gyroscope; picture-in-picture;\"><\/iframe><\/div><\/div><\/div><div class=\"fusion-text fusion-text-4\" style=\"--awb-margin-top:10px;\"><p>F\u00fcr den Verlag Droemer Knaur haben wir zur Ver\u00f6ffentlichung des offiziellen Cyberpunk 2077-Romans &#8222;No Coincidence&#8220; von Rafa\u0142 Kosik ein online Event mit namhaften Bestseller-Autor*innen und Influencer*innen organisiert, das allein live von \u00fcber 700 durchschnittlichen Zuschauer*innen verfolgt wurde.<\/p>\n<\/div><\/div><\/div><div class=\"fusion-layout-column fusion_builder_column fusion-builder-column-5 fusion_builder_column_1_2 1_2 fusion-flex-column\" style=\"--awb-bg-size:cover;--awb-width-large:50%;--awb-margin-top-large:0px;--awb-spacing-right-large:3.84%;--awb-margin-bottom-large:0px;--awb-spacing-left-large:3.84%;--awb-width-medium:100%;--awb-order-medium:0;--awb-spacing-right-medium:1.92%;--awb-spacing-left-medium:1.92%;--awb-width-small:100%;--awb-order-small:0;--awb-spacing-right-small:1.92%;--awb-spacing-left-small:1.92%;\"><div class=\"fusion-column-wrapper fusion-column-has-shadow fusion-flex-justify-content-flex-start fusion-content-layout-column\"><div class=\"fusion-title title fusion-title-2 fusion-title-center fusion-title-text fusion-title-size-three\" style=\"--awb-margin-bottom:5px;--awb-margin-top-small:0px;--awb-margin-bottom-small:20px;\"><div class=\"title-sep-container title-sep-container-left\"><div class=\"title-sep sep- sep-solid\" style=\"border-color:#e2e2e2;\"><\/div><\/div><span class=\"awb-title-spacer\"><\/span><h3 class=\"fusion-title-heading title-heading-center fusion-responsive-typography-calculated\" style=\"margin:0;text-transform:uppercase;--fontSize:25;line-height:2.2;\">Pen &amp; Paper Marketing-Events<\/h3><span class=\"awb-title-spacer\"><\/span><div class=\"title-sep-container title-sep-container-right\"><div class=\"title-sep sep- sep-solid\" style=\"border-color:#e2e2e2;\"><\/div><\/div><\/div><div class=\"fusion-video fusion-youtube\" style=\"--awb-max-width:600px;--awb-max-height:360px;--awb-align-self:center;--awb-width:100%;\"><div class=\"video-shortcode\"><div class=\"fluid-width-video-wrapper\" style=\"padding-top:60%;\" ><iframe title=\"YouTube video player 2\" src=\"https:\/\/www.youtube.com\/embed\/pV09QGZZ2dc?wmode=transparent&autoplay=0\" width=\"600\" height=\"360\" allowfullscreen allow=\"autoplay; clipboard-write; encrypted-media; gyroscope; picture-in-picture;\"><\/iframe><\/div><\/div><\/div><div class=\"fusion-text fusion-text-5\" style=\"--awb-margin-top:10px;\"><p>Im Rahmen der Leipziger Buchmesse 2023 haben wir mit bekannten Autor*innen auf der Gro\u00dfen B\u00fchne in Halle 3 vor einem Publikum von mehr als 500 Menschen Pen &amp; Paper gespielt. Seitdem gab es mehrere B\u00fchnenevents, zum Beispiel auf der Gamescom, Frankfurter Buchmesse, M\u00fcnchener B\u00fccherschau und der Vienna Comic Con.<\/p>\n<\/div><\/div><\/div><div class=\"fusion-layout-column fusion_builder_column fusion-builder-column-6 fusion_builder_column_1_1 1_1 fusion-flex-column\" style=\"--awb-padding-bottom:40px;--awb-bg-size:cover;--awb-width-large:100%;--awb-margin-top-large:0px;--awb-spacing-right-large:1.92%;--awb-margin-bottom-large:0px;--awb-spacing-left-large:1.92%;--awb-width-medium:100%;--awb-order-medium:0;--awb-spacing-right-medium:1.92%;--awb-spacing-left-medium:1.92%;--awb-width-small:100%;--awb-order-small:0;--awb-spacing-right-small:1.92%;--awb-spacing-left-small:1.92%;\"><div class=\"fusion-column-wrapper fusion-column-has-shadow fusion-flex-justify-content-flex-start fusion-content-layout-column\"><div class=\"fusion-separator fusion-full-width-sep\" style=\"align-self: center;margin-left: auto;margin-right: auto;width:100%;\"><div class=\"fusion-separator-border sep-single sep-solid\" style=\"--awb-height:20px;--awb-amount:20px;border-color:#000000;border-top-width:1px;\"><\/div><\/div><div class=\"fusion-title title fusion-title-3 fusion-title-center fusion-title-text fusion-title-size-three\" style=\"--awb-margin-top:5px;--awb-margin-bottom:-100px;--awb-margin-top-small:0px;--awb-margin-bottom-small:20px;--awb-link-color:#000000;--awb-link-hover-color:#36868c;\"><div class=\"title-sep-container title-sep-container-left\"><div class=\"title-sep sep- sep-solid\" style=\"border-color:#e2e2e2;\"><\/div><\/div><span class=\"awb-title-spacer\"><\/span><h3 class=\"fusion-title-heading title-heading-center fusion-responsive-typography-calculated\" style=\"margin:0;text-transform:uppercase;--fontSize:25;line-height:2.2;\"><a href=\"mailto:franigo@franigo.de\" class=\"awb-custom-text-color awb-custom-text-hover-color\" target=\"_self\">Kontaktieren Sie uns f\u00fcr Ihr Pen &amp; Paper-Event!<\/a><\/h3><span class=\"awb-title-spacer\"><\/span><div class=\"title-sep-container title-sep-container-right\"><div class=\"title-sep sep- sep-solid\" style=\"border-color:#e2e2e2;\"><\/div><\/div><\/div><\/div><\/div><\/div><\/div><\/p>","protected":false},"excerpt":{"rendered":"","protected":false},"author":1,"featured_media":0,"parent":0,"menu_order":0,"comment_status":"closed","ping_status":"closed","template":"","meta":{"footnotes":""},"class_list":["post-7186","page","type-page","status-publish","hentry"],"yoast_head":"<!-- This site is optimized with the Yoast SEO plugin v27.4 - https:\/\/yoast.com\/product\/yoast-seo-wordpress\/ -->\n<title>QuestMarker | Pen &amp; Paper mit Franigo<\/title>\n<meta name=\"description\" content=\"Ihr Pen &amp; Paper-Event als Marketingma\u00dfnahme!\" \/>\n<meta name=\"robots\" content=\"index, follow, max-snippet:-1, max-image-preview:large, max-video-preview:-1\" \/>\n<link rel=\"canonical\" href=\"https:\/\/www.franigo.de\/en\/questmarker\/\" \/>\n<meta property=\"og:locale\" content=\"en_GB\" \/>\n<meta property=\"og:type\" content=\"article\" \/>\n<meta property=\"og:title\" content=\"QuestMarker | Pen &amp; Paper mit Franigo\" \/>\n<meta property=\"og:description\" content=\"Ihr Pen &amp; Paper-Event als Marketingma\u00dfnahme!\" \/>\n<meta property=\"og:url\" content=\"https:\/\/www.franigo.de\/en\/questmarker\/\" \/>\n<meta property=\"og:site_name\" content=\"Pen &amp; Paper mit Franigo\" \/>\n<meta property=\"article:publisher\" content=\"https:\/\/www.facebook.com\/FranigoRolls\" \/>\n<meta property=\"article:modified_time\" content=\"2023-12-02T11:26:37+00:00\" \/>\n<meta property=\"og:image\" content=\"https:\/\/www.franigo.de\/wp-content\/uploads\/2021\/12\/franigo-rolls_avatar.png\" \/>\n\t<meta property=\"og:image:width\" content=\"1000\" \/>\n\t<meta property=\"og:image:height\" content=\"1000\" \/>\n\t<meta property=\"og:image:type\" content=\"image\/png\" \/>\n<meta name=\"twitter:card\" content=\"summary_large_image\" \/>\n<meta name=\"twitter:site\" content=\"@Franigo\" \/>\n<meta name=\"twitter:label1\" content=\"Estimated reading time\" \/>\n\t<meta name=\"twitter:data1\" content=\"16 minutes\" \/>\n<script type=\"application\/ld+json\" class=\"yoast-schema-graph\">{\"@context\":\"https:\\\/\\\/schema.org\",\"@graph\":[{\"@type\":\"WebPage\",\"@id\":\"https:\\\/\\\/www.franigo.de\\\/questmarker\\\/\",\"url\":\"https:\\\/\\\/www.franigo.de\\\/questmarker\\\/\",\"name\":\"QuestMarker | Pen &amp; Paper mit Franigo\",\"isPartOf\":{\"@id\":\"https:\\\/\\\/www.franigo.de\\\/#website\"},\"datePublished\":\"2023-11-29T15:09:18+00:00\",\"dateModified\":\"2023-12-02T11:26:37+00:00\",\"description\":\"Ihr Pen & Paper-Event als Marketingma\u00dfnahme!\",\"breadcrumb\":{\"@id\":\"https:\\\/\\\/www.franigo.de\\\/questmarker\\\/#breadcrumb\"},\"inLanguage\":\"en-GB\",\"potentialAction\":[{\"@type\":\"ReadAction\",\"target\":[\"https:\\\/\\\/www.franigo.de\\\/questmarker\\\/\"]}]},{\"@type\":\"BreadcrumbList\",\"@id\":\"https:\\\/\\\/www.franigo.de\\\/questmarker\\\/#breadcrumb\",\"itemListElement\":[{\"@type\":\"ListItem\",\"position\":1,\"name\":\"Startseite\",\"item\":\"https:\\\/\\\/www.franigo.de\\\/\"},{\"@type\":\"ListItem\",\"position\":2,\"name\":\"QuestMarker\"}]},{\"@type\":\"WebSite\",\"@id\":\"https:\\\/\\\/www.franigo.de\\\/#website\",\"url\":\"https:\\\/\\\/www.franigo.de\\\/\",\"name\":\"Pen &amp; Paper mit Franigo\",\"description\":\"Bestseller-Autor | Professioneller Geek | Geschichtenerz\u00e4hler | Gamer | Pirat\",\"publisher\":{\"@id\":\"https:\\\/\\\/www.franigo.de\\\/#\\\/schema\\\/person\\\/d92ec4eae837bff6580e75878517f5d3\"},\"potentialAction\":[{\"@type\":\"SearchAction\",\"target\":{\"@type\":\"EntryPoint\",\"urlTemplate\":\"https:\\\/\\\/www.franigo.de\\\/?s={search_term_string}\"},\"query-input\":{\"@type\":\"PropertyValueSpecification\",\"valueRequired\":true,\"valueName\":\"search_term_string\"}}],\"inLanguage\":\"en-GB\"},{\"@type\":[\"Person\",\"Organization\"],\"@id\":\"https:\\\/\\\/www.franigo.de\\\/#\\\/schema\\\/person\\\/d92ec4eae837bff6580e75878517f5d3\",\"name\":\"FranigoRolls\",\"image\":{\"@type\":\"ImageObject\",\"inLanguage\":\"en-GB\",\"@id\":\"https:\\\/\\\/www.franigo.de\\\/wp-content\\\/uploads\\\/2021\\\/12\\\/franigo-rolls_avatar.png\",\"url\":\"https:\\\/\\\/www.franigo.de\\\/wp-content\\\/uploads\\\/2021\\\/12\\\/franigo-rolls_avatar.png\",\"contentUrl\":\"https:\\\/\\\/www.franigo.de\\\/wp-content\\\/uploads\\\/2021\\\/12\\\/franigo-rolls_avatar.png\",\"width\":1000,\"height\":1000,\"caption\":\"FranigoRolls\"},\"logo\":{\"@id\":\"https:\\\/\\\/www.franigo.de\\\/wp-content\\\/uploads\\\/2021\\\/12\\\/franigo-rolls_avatar.png\"},\"description\":\"Professioneller Geek | Geschichtenerz\u00e4hler | Gamer | Pirat\",\"sameAs\":[\"https:\\\/\\\/www.hardebusch.net\\\/franigo\",\"https:\\\/\\\/www.facebook.com\\\/FranigoRolls\",\"https:\\\/\\\/www.instagram.com\\\/franigorolls\\\/\",\"https:\\\/\\\/x.com\\\/Franigo\",\"https:\\\/\\\/www.youtube.com\\\/franigorolls\",\"https:\\\/\\\/de.wikipedia.org\\\/wiki\\\/Christoph_Hardebusch\"]}]}<\/script>\n<!-- \/ Yoast SEO plugin. -->","yoast_head_json":{"title":"QuestMarker | Pen &amp; Paper mit Franigo","description":"Ihr Pen & Paper-Event als Marketingma\u00dfnahme!","robots":{"index":"index","follow":"follow","max-snippet":"max-snippet:-1","max-image-preview":"max-image-preview:large","max-video-preview":"max-video-preview:-1"},"canonical":"https:\/\/www.franigo.de\/en\/questmarker\/","og_locale":"en_GB","og_type":"article","og_title":"QuestMarker | Pen &amp; Paper mit Franigo","og_description":"Ihr Pen & Paper-Event als Marketingma\u00dfnahme!","og_url":"https:\/\/www.franigo.de\/en\/questmarker\/","og_site_name":"Pen &amp; Paper mit Franigo","article_publisher":"https:\/\/www.facebook.com\/FranigoRolls","article_modified_time":"2023-12-02T11:26:37+00:00","og_image":[{"width":1000,"height":1000,"url":"https:\/\/www.franigo.de\/wp-content\/uploads\/2021\/12\/franigo-rolls_avatar.png","type":"image\/png"}],"twitter_card":"summary_large_image","twitter_site":"@Franigo","twitter_misc":{"Estimated reading time":"16 minutes"},"schema":{"@context":"https:\/\/schema.org","@graph":[{"@type":"WebPage","@id":"https:\/\/www.franigo.de\/questmarker\/","url":"https:\/\/www.franigo.de\/questmarker\/","name":"QuestMarker | Pen &amp; Paper mit Franigo","isPartOf":{"@id":"https:\/\/www.franigo.de\/#website"},"datePublished":"2023-11-29T15:09:18+00:00","dateModified":"2023-12-02T11:26:37+00:00","description":"Ihr Pen & Paper-Event als Marketingma\u00dfnahme!","breadcrumb":{"@id":"https:\/\/www.franigo.de\/questmarker\/#breadcrumb"},"inLanguage":"en-GB","potentialAction":[{"@type":"ReadAction","target":["https:\/\/www.franigo.de\/questmarker\/"]}]},{"@type":"BreadcrumbList","@id":"https:\/\/www.franigo.de\/questmarker\/#breadcrumb","itemListElement":[{"@type":"ListItem","position":1,"name":"Startseite","item":"https:\/\/www.franigo.de\/"},{"@type":"ListItem","position":2,"name":"QuestMarker"}]},{"@type":"WebSite","@id":"https:\/\/www.franigo.de\/#website","url":"https:\/\/www.franigo.de\/","name":"Pen &amp; Paper mit Franigo","description":"Bestseller-Autor | Professioneller Geek | Geschichtenerz\u00e4hler | Gamer | Pirat","publisher":{"@id":"https:\/\/www.franigo.de\/#\/schema\/person\/d92ec4eae837bff6580e75878517f5d3"},"potentialAction":[{"@type":"SearchAction","target":{"@type":"EntryPoint","urlTemplate":"https:\/\/www.franigo.de\/?s={search_term_string}"},"query-input":{"@type":"PropertyValueSpecification","valueRequired":true,"valueName":"search_term_string"}}],"inLanguage":"en-GB"},{"@type":["Person","Organization"],"@id":"https:\/\/www.franigo.de\/#\/schema\/person\/d92ec4eae837bff6580e75878517f5d3","name":"FranigoRolls","image":{"@type":"ImageObject","inLanguage":"en-GB","@id":"https:\/\/www.franigo.de\/wp-content\/uploads\/2021\/12\/franigo-rolls_avatar.png","url":"https:\/\/www.franigo.de\/wp-content\/uploads\/2021\/12\/franigo-rolls_avatar.png","contentUrl":"https:\/\/www.franigo.de\/wp-content\/uploads\/2021\/12\/franigo-rolls_avatar.png","width":1000,"height":1000,"caption":"FranigoRolls"},"logo":{"@id":"https:\/\/www.franigo.de\/wp-content\/uploads\/2021\/12\/franigo-rolls_avatar.png"},"description":"Professioneller Geek | Geschichtenerz\u00e4hler | Gamer | Pirat","sameAs":["https:\/\/www.hardebusch.net\/franigo","https:\/\/www.facebook.com\/FranigoRolls","https:\/\/www.instagram.com\/franigorolls\/","https:\/\/x.com\/Franigo","https:\/\/www.youtube.com\/franigorolls","https:\/\/de.wikipedia.org\/wiki\/Christoph_Hardebusch"]}]}},"_links":{"self":[{"href":"https:\/\/www.franigo.de\/en\/wp-json\/wp\/v2\/pages\/7186","targetHints":{"allow":["GET"]}}],"collection":[{"href":"https:\/\/www.franigo.de\/en\/wp-json\/wp\/v2\/pages"}],"about":[{"href":"https:\/\/www.franigo.de\/en\/wp-json\/wp\/v2\/types\/page"}],"author":[{"embeddable":true,"href":"https:\/\/www.franigo.de\/en\/wp-json\/wp\/v2\/users\/1"}],"replies":[{"embeddable":true,"href":"https:\/\/www.franigo.de\/en\/wp-json\/wp\/v2\/comments?post=7186"}],"version-history":[{"count":86,"href":"https:\/\/www.franigo.de\/en\/wp-json\/wp\/v2\/pages\/7186\/revisions"}],"predecessor-version":[{"id":7722,"href":"https:\/\/www.franigo.de\/en\/wp-json\/wp\/v2\/pages\/7186\/revisions\/7722"}],"wp:attachment":[{"href":"https:\/\/www.franigo.de\/en\/wp-json\/wp\/v2\/media?parent=7186"}],"curies":[{"name":"wp","href":"https:\/\/api.w.org\/{rel}","templated":true}]}}